{"id":191,"date":"2025-12-20T17:51:21","date_gmt":"2025-12-20T17:51:21","guid":{"rendered":"https:\/\/casadapassagem.lendarius.com\/resolucion-alternativa-de-litigios\/"},"modified":"2026-03-06T09:30:10","modified_gmt":"2026-03-06T09:30:10","slug":"resolucion-alternativa-de-litigios","status":"publish","type":"page","link":"https:\/\/casadapassagem.lendarius.com\/es\/resolucion-alternativa-de-litigios\/","title":{"rendered":"Resoluci\u00f3n Alternativa de Litigios"},"content":{"rendered":"\t\t<div data-elementor-type=\"wp-page\" data-elementor-id=\"191\" class=\"elementor elementor-191 elementor-133\" data-elementor-post-type=\"page\">\n\t\t\t\t<div class=\"elementor-element elementor-element-7ae40c0 e-flex e-con-boxed e-con e-parent\" data-id=\"7ae40c0\" data-element_type=\"container\" data-settings=\"{&quot;background_background&quot;:&quot;classic&quot;}\">\n\t\t\t\t\t<div class=\"e-con-inner\">\n\t\t\t\t\t<\/div>\n\t\t\t\t<\/div>\n\t\t<div class=\"elementor-element elementor-element-dfb1eaa e-flex e-con-boxed e-con e-parent\" data-id=\"dfb1eaa\" data-element_type=\"container\">\n\t\t\t\t\t<div class=\"e-con-inner\">\n\t\t\t\t<div class=\"elementor-element elementor-element-3fbaa3e elementor-widget__width-initial elementor-widget-mobile__width-auto elementor-widget elementor-widget-heading\" data-id=\"3fbaa3e\" data-element_type=\"widget\" data-widget_type=\"heading.default\">\n\t\t\t\t<div class=\"elementor-widget-container\">\n\t\t\t\t\t<h2 class=\"elementor-heading-title elementor-size-default\">Resoluci\u00f3n Alternativa de Litigios<\/h2>\t\t\t\t<\/div>\n\t\t\t\t<\/div>\n\t\t\t\t<div class=\"elementor-element elementor-element-34132db elementor-widget elementor-widget-text-editor\" data-id=\"34132db\" data-element_type=\"widget\" data-widget_type=\"text-editor.default\">\n\t\t\t\t<div class=\"elementor-widget-container\">\n\t\t\t\t\t\t\t\t\t<p>En caso de litigio de consumo, el consumidor puede recurrir a una Entidad de Resoluci\u00f3n Alternativa de Litigios de Consumo (RAL).<br>Para el distrito de Vila Real, la entidad competente es el Centro Nacional de Informaci\u00f3n y Arbitraje de Conflictos de Consumo (CNIACC),<br>una entidad autorizada para efectuar la mediaci\u00f3n, conciliaci\u00f3n y arbitraje de litigios de consumo en Portugal, seg\u00fan los t\u00e9rminos de la Ley n.\u00ba 144\/2015.<br>Si deseas presentar una reclamaci\u00f3n, puedes acceder al sitio web:<br><a class=\"waffle-rich-text-link\" href=\"https:\/\/www.cniacc.pt\/pt\/\" target=\"_blank\" rel=\"noopener\"><br>https:\/\/www.cniacc.pt\/pt\/<br><\/a><\/p>\t\t\t\t\t\t\t\t<\/div>\n\t\t\t\t<\/div>\n\t\t\t\t\t<\/div>\n\t\t\t\t<\/div>\n\t\t\t\t<\/div>\n\t\t","protected":false},"excerpt":{"rendered":"<p>En caso de litigio de consumo, el consumidor puede recurrir a una Entidad de Resoluci\u00f3n Alternativa de Litigios de Consumo (RAL).Para el distrito de Vila Real, la entidad competente es el Centro Nacional de Informaci\u00f3n y Arbitraje de Conflictos de Consumo (CNIACC),una entidad autorizada para efectuar la mediaci\u00f3n, conciliaci\u00f3n y arbitraje de litigios de consumo [&hellip;]<\/p>\n","protected":false},"author":1,"featured_media":0,"parent":0,"menu_order":0,"comment_status":"closed","ping_status":"closed","template":"","meta":{"footnotes":""},"class_list":["post-191","page","type-page","status-publish","hentry"],"_links":{"self":[{"href":"https:\/\/casadapassagem.lendarius.com\/es\/wp-json\/wp\/v2\/pages\/191","targetHints":{"allow":["GET"]}}],"collection":[{"href":"https:\/\/casadapassagem.lendarius.com\/es\/wp-json\/wp\/v2\/pages"}],"about":[{"href":"https:\/\/casadapassagem.lendarius.com\/es\/wp-json\/wp\/v2\/types\/page"}],"author":[{"embeddable":true,"href":"https:\/\/casadapassagem.lendarius.com\/es\/wp-json\/wp\/v2\/users\/1"}],"replies":[{"embeddable":true,"href":"https:\/\/casadapassagem.lendarius.com\/es\/wp-json\/wp\/v2\/comments?post=191"}],"version-history":[{"count":1,"href":"https:\/\/casadapassagem.lendarius.com\/es\/wp-json\/wp\/v2\/pages\/191\/revisions"}],"predecessor-version":[{"id":194,"href":"https:\/\/casadapassagem.lendarius.com\/es\/wp-json\/wp\/v2\/pages\/191\/revisions\/194"}],"wp:attachment":[{"href":"https:\/\/casadapassagem.lendarius.com\/es\/wp-json\/wp\/v2\/media?parent=191"}],"curies":[{"name":"wp","href":"https:\/\/api.w.org\/{rel}","templated":true}]}}