{"id":195,"date":"2025-12-20T17:51:21","date_gmt":"2025-12-20T17:51:21","guid":{"rendered":"https:\/\/casadapassagem.lendarius.com\/resolution-alternative-des-litiges\/"},"modified":"2026-03-06T09:30:10","modified_gmt":"2026-03-06T09:30:10","slug":"resolution-alternative-des-litiges","status":"publish","type":"page","link":"https:\/\/casadapassagem.lendarius.com\/fr\/resolution-alternative-des-litiges\/","title":{"rendered":"R\u00e9solution alternative des litiges"},"content":{"rendered":"\t\t<div data-elementor-type=\"wp-page\" data-elementor-id=\"195\" class=\"elementor elementor-195 elementor-133\" data-elementor-post-type=\"page\">\n\t\t\t\t<div class=\"elementor-element elementor-element-7ae40c0 e-flex e-con-boxed e-con e-parent\" data-id=\"7ae40c0\" data-element_type=\"container\" data-settings=\"{&quot;background_background&quot;:&quot;classic&quot;}\">\n\t\t\t\t\t<div class=\"e-con-inner\">\n\t\t\t\t\t<\/div>\n\t\t\t\t<\/div>\n\t\t<div class=\"elementor-element elementor-element-dfb1eaa e-flex e-con-boxed e-con e-parent\" data-id=\"dfb1eaa\" data-element_type=\"container\">\n\t\t\t\t\t<div class=\"e-con-inner\">\n\t\t\t\t<div class=\"elementor-element elementor-element-3fbaa3e elementor-widget__width-initial elementor-widget-mobile__width-auto elementor-widget elementor-widget-heading\" data-id=\"3fbaa3e\" data-element_type=\"widget\" data-widget_type=\"heading.default\">\n\t\t\t\t<div class=\"elementor-widget-container\">\n\t\t\t\t\t<h2 class=\"elementor-heading-title elementor-size-default\">R\u00e9solution alternative des litiges<\/h2>\t\t\t\t<\/div>\n\t\t\t\t<\/div>\n\t\t\t\t<div class=\"elementor-element elementor-element-34132db elementor-widget elementor-widget-text-editor\" data-id=\"34132db\" data-element_type=\"widget\" data-widget_type=\"text-editor.default\">\n\t\t\t\t<div class=\"elementor-widget-container\">\n\t\t\t\t\t\t\t\t\t<p>En cas de litige de consommation, le consommateur peut recourir \u00e0 une entit\u00e9 de r\u00e9solution alternative des litiges de consommation (RAL).<br>Pour le district de Vila Real, l&rsquo;entit\u00e9 comp\u00e9tente est le Centre national d&rsquo;information et d&rsquo;arbitrage des conflits de consommation (CNIACC),<br>une entit\u00e9 autoris\u00e9e \u00e0 effectuer la m\u00e9diation, la conciliation et l&rsquo;arbitrage des litiges de consommation au Portugal, conform\u00e9ment \u00e0 la loi n\u00b0 144\/2015.<br>Si tu souhaites d\u00e9poser une r\u00e9clamation, tu peux acc\u00e9der au site :<br><a class=\"waffle-rich-text-link\" href=\"https:\/\/www.cniacc.pt\/pt\/\" target=\"_blank\" rel=\"noopener\"><br>https:\/\/www.cniacc.pt\/pt\/<br><\/a><\/p>\t\t\t\t\t\t\t\t<\/div>\n\t\t\t\t<\/div>\n\t\t\t\t\t<\/div>\n\t\t\t\t<\/div>\n\t\t\t\t<\/div>\n\t\t","protected":false},"excerpt":{"rendered":"<p>En cas de litige de consommation, le consommateur peut recourir \u00e0 une entit\u00e9 de r\u00e9solution alternative des litiges de consommation (RAL).Pour le district de Vila Real, l&rsquo;entit\u00e9 comp\u00e9tente est le Centre national d&rsquo;information et d&rsquo;arbitrage des conflits de consommation (CNIACC),une entit\u00e9 autoris\u00e9e \u00e0 effectuer la m\u00e9diation, la conciliation et l&rsquo;arbitrage des litiges de consommation au [&hellip;]<\/p>\n","protected":false},"author":1,"featured_media":0,"parent":0,"menu_order":0,"comment_status":"closed","ping_status":"closed","template":"","meta":{"footnotes":""},"class_list":["post-195","page","type-page","status-publish","hentry"],"_links":{"self":[{"href":"https:\/\/casadapassagem.lendarius.com\/fr\/wp-json\/wp\/v2\/pages\/195","targetHints":{"allow":["GET"]}}],"collection":[{"href":"https:\/\/casadapassagem.lendarius.com\/fr\/wp-json\/wp\/v2\/pages"}],"about":[{"href":"https:\/\/casadapassagem.lendarius.com\/fr\/wp-json\/wp\/v2\/types\/page"}],"author":[{"embeddable":true,"href":"https:\/\/casadapassagem.lendarius.com\/fr\/wp-json\/wp\/v2\/users\/1"}],"replies":[{"embeddable":true,"href":"https:\/\/casadapassagem.lendarius.com\/fr\/wp-json\/wp\/v2\/comments?post=195"}],"version-history":[{"count":1,"href":"https:\/\/casadapassagem.lendarius.com\/fr\/wp-json\/wp\/v2\/pages\/195\/revisions"}],"predecessor-version":[{"id":197,"href":"https:\/\/casadapassagem.lendarius.com\/fr\/wp-json\/wp\/v2\/pages\/195\/revisions\/197"}],"wp:attachment":[{"href":"https:\/\/casadapassagem.lendarius.com\/fr\/wp-json\/wp\/v2\/media?parent=195"}],"curies":[{"name":"wp","href":"https:\/\/api.w.org\/{rel}","templated":true}]}}