{"id":200,"date":"2025-12-20T17:55:51","date_gmt":"2025-12-20T17:55:51","guid":{"rendered":"https:\/\/casadapassagem.lendarius.com\/politique-de-confidentialite\/"},"modified":"2026-03-11T12:15:13","modified_gmt":"2026-03-11T12:15:13","slug":"politique-de-confidentialite","status":"publish","type":"page","link":"https:\/\/casadapassagem.lendarius.com\/fr\/politique-de-confidentialite\/","title":{"rendered":"Politique de Confidentialit\u00e9"},"content":{"rendered":"\t\t<div data-elementor-type=\"wp-page\" data-elementor-id=\"200\" class=\"elementor elementor-200 elementor-141\" data-elementor-post-type=\"page\">\n\t\t\t\t<div class=\"elementor-element elementor-element-7ae40c0 e-flex e-con-boxed e-con e-parent\" data-id=\"7ae40c0\" data-element_type=\"container\" data-settings=\"{&quot;background_background&quot;:&quot;classic&quot;}\">\n\t\t\t\t\t<div class=\"e-con-inner\">\n\t\t\t\t\t<\/div>\n\t\t\t\t<\/div>\n\t\t<div class=\"elementor-element elementor-element-dfb1eaa e-flex e-con-boxed e-con e-parent\" data-id=\"dfb1eaa\" data-element_type=\"container\">\n\t\t\t\t\t<div class=\"e-con-inner\">\n\t\t\t\t<div class=\"elementor-element elementor-element-3fbaa3e elementor-widget__width-initial elementor-widget-mobile__width-auto elementor-widget elementor-widget-heading\" data-id=\"3fbaa3e\" data-element_type=\"widget\" data-widget_type=\"heading.default\">\n\t\t\t\t<div class=\"elementor-widget-container\">\n\t\t\t\t\t<h2 class=\"elementor-heading-title elementor-size-default\">Politique de Confidentialit\u00e9<\/h2>\t\t\t\t<\/div>\n\t\t\t\t<\/div>\n\t\t\t\t<div class=\"elementor-element elementor-element-34132db elementor-widget elementor-widget-text-editor\" data-id=\"34132db\" data-element_type=\"widget\" data-widget_type=\"text-editor.default\">\n\t\t\t\t<div class=\"elementor-widget-container\">\n\t\t\t\t\t\t\t\t\t<p>Veuillez lire attentivement notre Politique de Cookies et notre Politique de Confidentialit\u00e9.<\/p><div class=\"elementor-element elementor-element-a78322d elementor-widget elementor-widget-text-editor\" data-id=\"a78322d\" data-element_type=\"widget\" data-widget_type=\"text-editor.default\"><div class=\"elementor-widget-container\"><p>Si vous n\u2019\u00eates pas d\u2019accord avec elles, vous ne devez pas utiliser ce site Web.<\/p><p>Cette Politique de Cookies et Politique de Confidentialit\u00e9 explique comment les donn\u00e9es personnelles sont collect\u00e9es et utilis\u00e9es, ainsi que les mesures de protection et de s\u00e9curit\u00e9 adopt\u00e9es.<\/p><p>La soci\u00e9t\u00e9 Ricardo Miguel Bessa Teixeira, NIF 229437257, ci-apr\u00e8s d\u00e9nomm\u00e9e Casa da Passagem, reconna\u00eet l\u2019importance de la confidentialit\u00e9. Nous ne vendrons jamais vos informations \u00e0 des tiers, qu\u2019ils soient particuliers ou entreprises.<br>Le site Web casadapassagem.pt est la propri\u00e9t\u00e9 de Casa da Passagem, dont le si\u00e8ge est situ\u00e9 Rua dos Amiais, 300, Lugar da Passagem Andr\u00e3es, 5000-041 Vila Real, Portugal. <\/p><p><strong>POLITIQUE DE COOKIES<\/strong><\/p><p>Casa da Passagem utilise des cookies pour vous offrir un meilleur service et une meilleure exp\u00e9rience utilisateur sur notre site. En naviguant sur notre site, vous acceptez l\u2019utilisation de cookies.<br>Pour garantir une bonne exp\u00e9rience de navigation et fournir un service plus personnalis\u00e9, notre serveur utilise des cookies (petits fichiers d\u2019information) pour collecter et stocker des donn\u00e9es.<br>Vous pouvez d\u00e9sactiver cette option dans votre navigateur, mais cela peut limiter l\u2019acc\u00e8s \u00e0 certaines zones du site ou \u00e0 des informations personnalis\u00e9es.<br>L\u2019utilisation des cookies est une pratique courante sur la plupart des sites Web et permet de gagner du temps et de faciliter la navigation.<br>Casa da Passagem peut utiliser des cookies pour collecter des informations sur votre visite, telles que les pages consult\u00e9es et les activit\u00e9s effectu\u00e9es. Ces fichiers permettent d\u2019\u00e9viter de ressaisir les informations personnelles et de personnaliser le service. Les cookies peuvent \u00e9galement \u00eatre utilis\u00e9s pour am\u00e9liorer les utilisations futures de l\u2019application. Une fois que l\u2019ordinateur peut identifier les informations d\u00e9j\u00e0 fournies, il ne vous sera plus demand\u00e9 de les fournir.<br>Les utilisateurs peuvent accepter ou supprimer les cookies. La plupart des navigateurs acceptent automatiquement les cookies. Si vous ne souhaitez pas utiliser les cookies, modifiez les param\u00e8tres de votre navigateur.      <\/p><p><strong>POLITIQUE DE CONFIDENTIALIT\u00c9<\/strong><\/p><p>Collecte d\u2019Informations<br>Chaque fois que des informations personnelles sont collect\u00e9es, leur utilisation respecte la l\u00e9gislation en vigueur, y compris le R\u00e8glement (UE) 2016\/679 du Parlement europ\u00e9en et du Conseil du 27 avril 2016. Les personnes concern\u00e9es ont le droit d\u2019acc\u00e9der, de rectifier, de modifier, de supprimer et de transf\u00e9rer leurs donn\u00e9es personnelles par demande \u00e9crite envoy\u00e9e \u00e0 l\u2019entit\u00e9 responsable, soit par courrier recommand\u00e9 \u00e0 Rua dos Amiais, 300, Lugar da Passagem Andr\u00e3es, 5000-041 Vila Real, Portugal, soit par e-mail \u00e0 ricardoteixeira80@gmail.com.<\/p><p>Les personnes concern\u00e9es peuvent \u00e9galement d\u00e9poser une plainte aupr\u00e8s de la CNPD ou d\u2019une autre autorit\u00e9 de contr\u00f4le nationale.<\/p><p>Toutes les informations collect\u00e9es sont fournies volontairement via des formulaires, questionnaires en ligne, promotions ou concours. Casa da Passagem collecte des donn\u00e9es personnelles telles que nom, adresse, email, num\u00e9ro de t\u00e9l\u00e9phone, adresse IP, donn\u00e9es d\u00e9mographiques et sur le style de vie. L\u2019entit\u00e9 responsable de la collecte et du traitement des donn\u00e9es est Casa da Passagem.  <\/p><p>Utilisation des Informations Collect\u00e9es<br>Casa da Passagem s\u2019engage \u00e0 respecter les normes de traitement des donn\u00e9es personnelles au Portugal.<br>Les informations collect\u00e9es peuvent \u00eatre utilis\u00e9es pour envoyer des communications marketing ou commerciales.<br>Les donn\u00e9es sont exclusivement destin\u00e9es \u00e0 Casa da Passagem pour traiter les demandes via le site web, en garantissant la confidentialit\u00e9 et la protection des donn\u00e9es.<br>Casa da Passagem peut partager des informations personnelles avec d\u2019autres entreprises si n\u00e9cessaire pour fournir un produit ou service, en ne partageant que les informations minimales n\u00e9cessaires.<\/p><p>Droits d\u2019Acc\u00e8s, de Rectification, d\u2019Annulation et d\u2019Opposition<br>Conform\u00e9ment au R\u00e8glement (UE) 2016\/679, toute personne peut demander l\u2019acc\u00e8s \u00e0 ses donn\u00e9es personnelles, consulter leur contenu, demander leur correction ou suppression en envoyant un e-mail \u00e0 ricardoteixeira80@gmail.com.<\/p><p>S\u00e9curit\u00e9 et Protection des Donn\u00e9es<br>Casa da Passagem adopte les mesures de s\u00e9curit\u00e9 n\u00e9cessaires pour prot\u00e9ger les donn\u00e9es personnelles contre tout usage abusif ou acc\u00e8s non autoris\u00e9.<br>Cependant, Internet n\u2019est pas totalement s\u00fbr et Casa da Passagem ne peut garantir la s\u00e9curit\u00e9 des informations en ligne ni \u00eatre responsable des pertes ou dommages dus \u00e0 la divulgation accidentelle.<\/p><p><strong>Responsabilit\u00e9<\/strong><strong><br><\/strong>Ce site peut contenir des liens vers d\u2019autres sites Web hors du domaine de Casa da Passagem, qui peuvent collecter des donn\u00e9es personnelles. Cette Politique de Confidentialit\u00e9 ne s\u2019applique pas aux sites tiers ; les utilisateurs doivent consulter leurs propres politiques de confidentialit\u00e9. <\/p><p><strong>Consentement \u00e0 la Politique de Confidentialit\u00e9<\/strong><strong><br><\/strong>En saisissant vos informations, vous acceptez les conditions de cette Politique de Confidentialit\u00e9. Remplir les formulaires implique un consentement au traitement automatis\u00e9 des donn\u00e9es conform\u00e9ment \u00e0 ce document. <\/p><p><strong>Modifications de la Politique de Confidentialit\u00e9<\/strong><strong><br><\/strong>Casa da Passagem se r\u00e9serve le droit de mettre \u00e0 jour ou r\u00e9viser cette politique \u00e0 tout moment pour se conformer aux changements l\u00e9gislatifs ou autres conditions. Toute modification sera publi\u00e9e sur cette page, les utilisateurs doivent donc la consulter r\u00e9guli\u00e8rement. <\/p><p>Vila Real, Mars 2026<\/p><\/div><\/div>\t\t\t\t\t\t\t\t<\/div>\n\t\t\t\t<\/div>\n\t\t\t\t\t<\/div>\n\t\t\t\t<\/div>\n\t\t\t\t<\/div>\n\t\t","protected":false},"excerpt":{"rendered":"<p>Veuillez lire attentivement notre Politique de Cookies et notre Politique de Confidentialit\u00e9. Si vous n\u2019\u00eates pas d\u2019accord avec elles, vous ne devez pas utiliser ce site Web. Cette Politique de Cookies et Politique de Confidentialit\u00e9 explique comment les donn\u00e9es personnelles sont collect\u00e9es et utilis\u00e9es, ainsi que les mesures de protection et de s\u00e9curit\u00e9 adopt\u00e9es. La [&hellip;]<\/p>\n","protected":false},"author":1,"featured_media":0,"parent":0,"menu_order":0,"comment_status":"closed","ping_status":"closed","template":"","meta":{"footnotes":""},"class_list":["post-200","page","type-page","status-publish","hentry"],"_links":{"self":[{"href":"https:\/\/casadapassagem.lendarius.com\/fr\/wp-json\/wp\/v2\/pages\/200","targetHints":{"allow":["GET"]}}],"collection":[{"href":"https:\/\/casadapassagem.lendarius.com\/fr\/wp-json\/wp\/v2\/pages"}],"about":[{"href":"https:\/\/casadapassagem.lendarius.com\/fr\/wp-json\/wp\/v2\/types\/page"}],"author":[{"embeddable":true,"href":"https:\/\/casadapassagem.lendarius.com\/fr\/wp-json\/wp\/v2\/users\/1"}],"replies":[{"embeddable":true,"href":"https:\/\/casadapassagem.lendarius.com\/fr\/wp-json\/wp\/v2\/comments?post=200"}],"version-history":[{"count":3,"href":"https:\/\/casadapassagem.lendarius.com\/fr\/wp-json\/wp\/v2\/pages\/200\/revisions"}],"predecessor-version":[{"id":399,"href":"https:\/\/casadapassagem.lendarius.com\/fr\/wp-json\/wp\/v2\/pages\/200\/revisions\/399"}],"wp:attachment":[{"href":"https:\/\/casadapassagem.lendarius.com\/fr\/wp-json\/wp\/v2\/media?parent=200"}],"curies":[{"name":"wp","href":"https:\/\/api.w.org\/{rel}","templated":true}]}}